{"id":13164,"date":"2020-12-05T17:21:56","date_gmt":"2020-12-05T15:21:56","guid":{"rendered":"https:\/\/developer.auksoklasika.lt\/?post_type=product&#038;p=13164"},"modified":"2026-03-24T17:12:34","modified_gmt":"2026-03-24T15:12:34","slug":"sterling-silver-ring-with-9ct-gold-plates-and-cubic-zirconia-18","status":"publish","type":"product","link":"https:\/\/auksoklasika.lt\/en\/product\/sterling-silver-ring-with-9ct-gold-plates-and-cubic-zirconia-18\/","title":{"rendered":"Sterling Silver Ring With 9ct Gold Plates And Cubic Zirconia"},"content":{"rendered":"<p><iframe title=\"YouTube video player\" src=\"https:\/\/www.youtube.com\/embed\/lwNiW7w8qgY\" width=\"560\" height=\"315\" frameborder=\"0\" allowfullscreen=\"allowfullscreen\"><\/iframe><\/p>\n","protected":false},"excerpt":{"rendered":"<p>An elegant sterling silver ring with cubic zirconia and 9ct rose gold plates.<\/p>\n<p><strong>Metal<\/strong>\u00a0\u2013 Sterling silver; rose gold<\/p>\n<p><strong>Purity<\/strong>\u00a0\u2013 925 silver; 9ct gold plates<\/p>\n<p><strong>Stone<\/strong>\u00a0\u2013 Cubic zirconia<\/p>\n<p><strong>Width<\/strong>\u00a0\u2013 0,2-1 cm<\/p>\n<p>If we currently do not have your size in stock, but you would like to purchase this ring, please contact us about the possibility to custom order.\u00a0All items are hallmarked in an Assay Office.<\/p>\n","protected":false},"featured_media":13165,"template":"","meta":{"content-type":"","site-sidebar-layout":"default","site-content-layout":"","ast-site-content-layout":"default","site-content-style":"default","site-sidebar-style":"default","ast-global-header-display":"","ast-banner-title-visibility":"","ast-main-header-display":"","ast-hfb-above-header-display":"","ast-hfb-below-header-display":"","ast-hfb-mobile-header-display":"","site-post-title":"","ast-breadcrumbs-content":"","ast-featured-img":"","footer-sml-layout":"","ast-disable-related-posts":"","theme-transparent-header-meta":"default","adv-header-id-meta":"","stick-header-meta":"","header-above-stick-meta":"","header-main-stick-meta":"","header-below-stick-meta":"","astra-migrate-meta-layouts":"set","ast-page-background-enabled":"default","ast-page-background-meta":{"desktop":{"background-color":"var(--ast-global-color-4)","background-image":"","background-repeat":"repeat","background-position":"center center","background-size":"auto","background-attachment":"scroll","background-type":"","background-media":"","overlay-type":"","overlay-color":"","overlay-opacity":"","overlay-gradient":""},"tablet":{"background-color":"","background-image":"","background-repeat":"repeat","background-position":"center center","background-size":"auto","background-attachment":"scroll","background-type":"","background-media":"","overlay-type":"","overlay-color":"","overlay-opacity":"","overlay-gradient":""},"mobile":{"background-color":"","background-image":"","background-repeat":"repeat","background-position":"center center","background-size":"auto","background-attachment":"scroll","background-type":"","background-media":"","overlay-type":"","overlay-color":"","overlay-opacity":"","overlay-gradient":""}},"ast-content-background-meta":{"desktop":{"background-color":"var(--ast-global-color-5)","background-image":"","background-repeat":"repeat","background-position":"center center","background-size":"auto","background-attachment":"scroll","background-type":"","background-media":"","overlay-type":"","overlay-color":"","overlay-opacity":"","overlay-gradient":""},"tablet":{"background-color":"var(--ast-global-color-5)","background-image":"","background-repeat":"repeat","background-position":"center center","background-size":"auto","background-attachment":"scroll","background-type":"","background-media":"","overlay-type":"","overlay-color":"","overlay-opacity":"","overlay-gradient":""},"mobile":{"background-color":"var(--ast-global-color-5)","background-image":"","background-repeat":"repeat","background-position":"center center","background-size":"auto","background-attachment":"scroll","background-type":"","background-media":"","overlay-type":"","overlay-color":"","overlay-opacity":"","overlay-gradient":""}}},"product_brand":[],"product_cat":[148,50,163,133,389,42,166],"product_tag":[],"class_list":{"0":"post-13164","1":"product","2":"type-product","3":"status-publish","4":"has-post-thumbnail","6":"product_cat-all-rings","7":"product_cat-cubic-zirconia-rings","8":"product_cat-elegant-twist","9":"product_cat-gifts-for-her","10":"product_cat-silver-jewellery-with-gold-plates","11":"product_cat-gold-plated-silver-rings","12":"product_cat-up-to-49","13":"pa_akmuo-cubic-zirconia","14":"pa_taurusis-metalas-gold-plated-silver","15":"pa_ziedo-dydis-533","16":"pa_ziedo-dydis-537","17":"desktop-align-center","18":"tablet-align-left","19":"mobile-align-left","21":"first","22":"instock","23":"sale","24":"shipping-taxable","25":"purchasable","26":"product-type-variable","27":"add-to-wishlist-before_image"},"yoast_head":"<!-- This site is optimized with the Yoast SEO plugin v27.5 - https:\/\/yoast.com\/product\/yoast-seo-wordpress\/ -->\n<title>Sterling Silver Ring With 9ct Gold Plates And Cubic Zirconia -<\/title>\n<meta name=\"description\" content=\"An elegant sterling silver ring with cubic zirconia and 9ct rose gold plates.  Metal\u00a0\u2013 Sterling silver; rose gold  Purity\u00a0\u2013 925 silver; 9ct gold plates  Stone\u00a0\u2013 Cubic zirconia  Width\u00a0\u2013 0,2-1 cm  If we currently do not have your size in stock, but you would like to purchase this ring, please contact us about the possibility to custom order.\u00a0All items are hallmarked in an Assay Office.\" \/>\n<meta name=\"robots\" content=\"index, follow, max-snippet:-1, max-image-preview:large, max-video-preview:-1\" \/>\n<link rel=\"canonical\" href=\"https:\/\/auksoklasika.lt\/en\/product\/sterling-silver-ring-with-9ct-gold-plates-and-cubic-zirconia-18\/\" \/>\n<meta property=\"og:locale\" content=\"en_US\" \/>\n<meta property=\"og:type\" content=\"article\" \/>\n<meta property=\"og:title\" content=\"Sterling Silver Ring With 9ct Gold Plates And Cubic Zirconia -\" \/>\n<meta property=\"og:description\" content=\"An elegant sterling silver ring with cubic zirconia and 9ct rose gold plates.  Metal\u00a0\u2013 Sterling silver; rose gold  Purity\u00a0\u2013 925 silver; 9ct gold plates  Stone\u00a0\u2013 Cubic zirconia  Width\u00a0\u2013 0,2-1 cm  If we currently do not have your size in stock, but you would like to purchase this ring, please contact us about the possibility to custom order.\u00a0All items are hallmarked in an Assay Office.\" \/>\n<meta property=\"og:url\" content=\"https:\/\/auksoklasika.lt\/en\/product\/sterling-silver-ring-with-9ct-gold-plates-and-cubic-zirconia-18\/\" \/>\n<meta property=\"article:publisher\" content=\"https:\/\/www.facebook.com\/auksoklasika\/\" \/>\n<meta property=\"article:modified_time\" content=\"2026-03-24T15:12:34+00:00\" \/>\n<meta property=\"og:image\" content=\"https:\/\/auksoklasika.lt\/wp-content\/uploads\/2020\/12\/Sterling-silver-ring-9ct-gold-plated-cubic-zirconia-sidabrinis-\u017eiedas-aukso-plok\u0161tel\u0117s-cirkoniai-16.jpg\" \/>\n\t<meta property=\"og:image:width\" content=\"1023\" \/>\n\t<meta property=\"og:image:height\" content=\"1008\" \/>\n\t<meta property=\"og:image:type\" content=\"image\/jpeg\" \/>\n<meta name=\"twitter:card\" content=\"summary_large_image\" \/>\n<meta name=\"twitter:label1\" content=\"Est. reading time\" \/>\n\t<meta name=\"twitter:data1\" content=\"1 minute\" \/>\n<script type=\"application\/ld+json\" class=\"yoast-schema-graph\">{\"@context\":\"https:\\\/\\\/schema.org\",\"@graph\":[{\"@type\":\"WebPage\",\"@id\":\"https:\\\/\\\/auksoklasika.lt\\\/en\\\/product\\\/sterling-silver-ring-with-9ct-gold-plates-and-cubic-zirconia-18\\\/\",\"url\":\"https:\\\/\\\/auksoklasika.lt\\\/en\\\/product\\\/sterling-silver-ring-with-9ct-gold-plates-and-cubic-zirconia-18\\\/\",\"name\":\"Sterling Silver Ring With 9ct Gold Plates And Cubic Zirconia -\",\"isPartOf\":{\"@id\":\"https:\\\/\\\/auksoklasika.lt\\\/#website\"},\"primaryImageOfPage\":{\"@id\":\"https:\\\/\\\/auksoklasika.lt\\\/en\\\/product\\\/sterling-silver-ring-with-9ct-gold-plates-and-cubic-zirconia-18\\\/#primaryimage\"},\"image\":{\"@id\":\"https:\\\/\\\/auksoklasika.lt\\\/en\\\/product\\\/sterling-silver-ring-with-9ct-gold-plates-and-cubic-zirconia-18\\\/#primaryimage\"},\"thumbnailUrl\":\"https:\\\/\\\/auksoklasika.lt\\\/wp-content\\\/uploads\\\/2020\\\/12\\\/Sterling-silver-ring-9ct-gold-plated-cubic-zirconia-sidabrinis-\u017eiedas-aukso-plok\u0161tel\u0117s-cirkoniai-16.jpg\",\"datePublished\":\"2020-12-05T15:21:56+00:00\",\"dateModified\":\"2026-03-24T15:12:34+00:00\",\"description\":\"An elegant sterling silver ring with cubic zirconia and 9ct rose gold plates. Metal\u00a0\u2013 Sterling silver; rose gold Purity\u00a0\u2013 925 silver; 9ct gold plates Stone\u00a0\u2013 Cubic zirconia Width\u00a0\u2013 0,2-1 cm If we currently do not have your size in stock, but you would like to purchase this ring, please contact us about the possibility to custom order.\u00a0All items are hallmarked in an Assay Office.\",\"breadcrumb\":{\"@id\":\"https:\\\/\\\/auksoklasika.lt\\\/en\\\/product\\\/sterling-silver-ring-with-9ct-gold-plates-and-cubic-zirconia-18\\\/#breadcrumb\"},\"inLanguage\":\"en-US\",\"potentialAction\":[{\"@type\":\"ReadAction\",\"target\":[\"https:\\\/\\\/auksoklasika.lt\\\/en\\\/product\\\/sterling-silver-ring-with-9ct-gold-plates-and-cubic-zirconia-18\\\/\"]}]},{\"@type\":\"ImageObject\",\"inLanguage\":\"en-US\",\"@id\":\"https:\\\/\\\/auksoklasika.lt\\\/en\\\/product\\\/sterling-silver-ring-with-9ct-gold-plates-and-cubic-zirconia-18\\\/#primaryimage\",\"url\":\"https:\\\/\\\/auksoklasika.lt\\\/wp-content\\\/uploads\\\/2020\\\/12\\\/Sterling-silver-ring-9ct-gold-plated-cubic-zirconia-sidabrinis-\u017eiedas-aukso-plok\u0161tel\u0117s-cirkoniai-16.jpg\",\"contentUrl\":\"https:\\\/\\\/auksoklasika.lt\\\/wp-content\\\/uploads\\\/2020\\\/12\\\/Sterling-silver-ring-9ct-gold-plated-cubic-zirconia-sidabrinis-\u017eiedas-aukso-plok\u0161tel\u0117s-cirkoniai-16.jpg\",\"width\":1023,\"height\":1008,\"caption\":\"Sterling silver ring 9ct gold plated cubic zirconia\"},{\"@type\":\"BreadcrumbList\",\"@id\":\"https:\\\/\\\/auksoklasika.lt\\\/en\\\/product\\\/sterling-silver-ring-with-9ct-gold-plates-and-cubic-zirconia-18\\\/#breadcrumb\",\"itemListElement\":[{\"@type\":\"ListItem\",\"position\":1,\"name\":\"Home\",\"item\":\"https:\\\/\\\/auksoklasika.lt\\\/\"},{\"@type\":\"ListItem\",\"position\":2,\"name\":\"Shop\",\"item\":\"https:\\\/\\\/auksoklasika.lt\\\/en\\\/shop\\\/\"},{\"@type\":\"ListItem\",\"position\":3,\"name\":\"Sterling Silver Ring With 9ct Gold Plates And Cubic Zirconia\"}]},{\"@type\":\"WebSite\",\"@id\":\"https:\\\/\\\/auksoklasika.lt\\\/#website\",\"url\":\"https:\\\/\\\/auksoklasika.lt\\\/\",\"name\":\"Aukso Klasika\",\"description\":\"GOLDEN CLASSIC BOUTIQUE\",\"publisher\":{\"@id\":\"https:\\\/\\\/auksoklasika.lt\\\/#organization\"},\"alternateName\":\"Auksoklasika\",\"potentialAction\":[{\"@type\":\"SearchAction\",\"target\":{\"@type\":\"EntryPoint\",\"urlTemplate\":\"https:\\\/\\\/auksoklasika.lt\\\/?s={search_term_string}\"},\"query-input\":{\"@type\":\"PropertyValueSpecification\",\"valueRequired\":true,\"valueName\":\"search_term_string\"}}],\"inLanguage\":\"en-US\"},{\"@type\":\"Organization\",\"@id\":\"https:\\\/\\\/auksoklasika.lt\\\/#organization\",\"name\":\"Aukso Klasika\",\"url\":\"https:\\\/\\\/auksoklasika.lt\\\/\",\"logo\":{\"@type\":\"ImageObject\",\"inLanguage\":\"en-US\",\"@id\":\"https:\\\/\\\/auksoklasika.lt\\\/#\\\/schema\\\/logo\\\/image\\\/\",\"url\":\"https:\\\/\\\/auksoklasika.lt\\\/wp-content\\\/uploads\\\/2019\\\/02\\\/cropped-cropped-cropped-Golden-Classic-Logo-3-2.png\",\"contentUrl\":\"https:\\\/\\\/auksoklasika.lt\\\/wp-content\\\/uploads\\\/2019\\\/02\\\/cropped-cropped-cropped-Golden-Classic-Logo-3-2.png\",\"width\":512,\"height\":512,\"caption\":\"Aukso Klasika\"},\"image\":{\"@id\":\"https:\\\/\\\/auksoklasika.lt\\\/#\\\/schema\\\/logo\\\/image\\\/\"},\"sameAs\":[\"https:\\\/\\\/www.facebook.com\\\/auksoklasika\\\/\"]}]}<\/script>\n<!-- \/ Yoast SEO plugin. -->","yoast_head_json":{"title":"Sterling Silver Ring With 9ct Gold Plates And Cubic Zirconia -","description":"An elegant sterling silver ring with cubic zirconia and 9ct rose gold plates.  Metal\u00a0\u2013 Sterling silver; rose gold  Purity\u00a0\u2013 925 silver; 9ct gold plates  Stone\u00a0\u2013 Cubic zirconia  Width\u00a0\u2013 0,2-1 cm  If we currently do not have your size in stock, but you would like to purchase this ring, please contact us about the possibility to custom order.\u00a0All items are hallmarked in an Assay Office.","robots":{"index":"index","follow":"follow","max-snippet":"max-snippet:-1","max-image-preview":"max-image-preview:large","max-video-preview":"max-video-preview:-1"},"canonical":"https:\/\/auksoklasika.lt\/en\/product\/sterling-silver-ring-with-9ct-gold-plates-and-cubic-zirconia-18\/","og_locale":"en_US","og_type":"article","og_title":"Sterling Silver Ring With 9ct Gold Plates And Cubic Zirconia -","og_description":"An elegant sterling silver ring with cubic zirconia and 9ct rose gold plates.  Metal\u00a0\u2013 Sterling silver; rose gold  Purity\u00a0\u2013 925 silver; 9ct gold plates  Stone\u00a0\u2013 Cubic zirconia  Width\u00a0\u2013 0,2-1 cm  If we currently do not have your size in stock, but you would like to purchase this ring, please contact us about the possibility to custom order.\u00a0All items are hallmarked in an Assay Office.","og_url":"https:\/\/auksoklasika.lt\/en\/product\/sterling-silver-ring-with-9ct-gold-plates-and-cubic-zirconia-18\/","article_publisher":"https:\/\/www.facebook.com\/auksoklasika\/","article_modified_time":"2026-03-24T15:12:34+00:00","og_image":[{"width":1023,"height":1008,"url":"https:\/\/auksoklasika.lt\/wp-content\/uploads\/2020\/12\/Sterling-silver-ring-9ct-gold-plated-cubic-zirconia-sidabrinis-\u017eiedas-aukso-plok\u0161tel\u0117s-cirkoniai-16.jpg","type":"image\/jpeg"}],"twitter_card":"summary_large_image","twitter_misc":{"Est. reading time":"1 minute"},"schema":{"@context":"https:\/\/schema.org","@graph":[{"@type":"WebPage","@id":"https:\/\/auksoklasika.lt\/en\/product\/sterling-silver-ring-with-9ct-gold-plates-and-cubic-zirconia-18\/","url":"https:\/\/auksoklasika.lt\/en\/product\/sterling-silver-ring-with-9ct-gold-plates-and-cubic-zirconia-18\/","name":"Sterling Silver Ring With 9ct Gold Plates And Cubic Zirconia -","isPartOf":{"@id":"https:\/\/auksoklasika.lt\/#website"},"primaryImageOfPage":{"@id":"https:\/\/auksoklasika.lt\/en\/product\/sterling-silver-ring-with-9ct-gold-plates-and-cubic-zirconia-18\/#primaryimage"},"image":{"@id":"https:\/\/auksoklasika.lt\/en\/product\/sterling-silver-ring-with-9ct-gold-plates-and-cubic-zirconia-18\/#primaryimage"},"thumbnailUrl":"https:\/\/auksoklasika.lt\/wp-content\/uploads\/2020\/12\/Sterling-silver-ring-9ct-gold-plated-cubic-zirconia-sidabrinis-\u017eiedas-aukso-plok\u0161tel\u0117s-cirkoniai-16.jpg","datePublished":"2020-12-05T15:21:56+00:00","dateModified":"2026-03-24T15:12:34+00:00","description":"An elegant sterling silver ring with cubic zirconia and 9ct rose gold plates. Metal\u00a0\u2013 Sterling silver; rose gold Purity\u00a0\u2013 925 silver; 9ct gold plates Stone\u00a0\u2013 Cubic zirconia Width\u00a0\u2013 0,2-1 cm If we currently do not have your size in stock, but you would like to purchase this ring, please contact us about the possibility to custom order.\u00a0All items are hallmarked in an Assay Office.","breadcrumb":{"@id":"https:\/\/auksoklasika.lt\/en\/product\/sterling-silver-ring-with-9ct-gold-plates-and-cubic-zirconia-18\/#breadcrumb"},"inLanguage":"en-US","potentialAction":[{"@type":"ReadAction","target":["https:\/\/auksoklasika.lt\/en\/product\/sterling-silver-ring-with-9ct-gold-plates-and-cubic-zirconia-18\/"]}]},{"@type":"ImageObject","inLanguage":"en-US","@id":"https:\/\/auksoklasika.lt\/en\/product\/sterling-silver-ring-with-9ct-gold-plates-and-cubic-zirconia-18\/#primaryimage","url":"https:\/\/auksoklasika.lt\/wp-content\/uploads\/2020\/12\/Sterling-silver-ring-9ct-gold-plated-cubic-zirconia-sidabrinis-\u017eiedas-aukso-plok\u0161tel\u0117s-cirkoniai-16.jpg","contentUrl":"https:\/\/auksoklasika.lt\/wp-content\/uploads\/2020\/12\/Sterling-silver-ring-9ct-gold-plated-cubic-zirconia-sidabrinis-\u017eiedas-aukso-plok\u0161tel\u0117s-cirkoniai-16.jpg","width":1023,"height":1008,"caption":"Sterling silver ring 9ct gold plated cubic zirconia"},{"@type":"BreadcrumbList","@id":"https:\/\/auksoklasika.lt\/en\/product\/sterling-silver-ring-with-9ct-gold-plates-and-cubic-zirconia-18\/#breadcrumb","itemListElement":[{"@type":"ListItem","position":1,"name":"Home","item":"https:\/\/auksoklasika.lt\/"},{"@type":"ListItem","position":2,"name":"Shop","item":"https:\/\/auksoklasika.lt\/en\/shop\/"},{"@type":"ListItem","position":3,"name":"Sterling Silver Ring With 9ct Gold Plates And Cubic Zirconia"}]},{"@type":"WebSite","@id":"https:\/\/auksoklasika.lt\/#website","url":"https:\/\/auksoklasika.lt\/","name":"Aukso Klasika","description":"GOLDEN CLASSIC BOUTIQUE","publisher":{"@id":"https:\/\/auksoklasika.lt\/#organization"},"alternateName":"Auksoklasika","potentialAction":[{"@type":"SearchAction","target":{"@type":"EntryPoint","urlTemplate":"https:\/\/auksoklasika.lt\/?s={search_term_string}"},"query-input":{"@type":"PropertyValueSpecification","valueRequired":true,"valueName":"search_term_string"}}],"inLanguage":"en-US"},{"@type":"Organization","@id":"https:\/\/auksoklasika.lt\/#organization","name":"Aukso Klasika","url":"https:\/\/auksoklasika.lt\/","logo":{"@type":"ImageObject","inLanguage":"en-US","@id":"https:\/\/auksoklasika.lt\/#\/schema\/logo\/image\/","url":"https:\/\/auksoklasika.lt\/wp-content\/uploads\/2019\/02\/cropped-cropped-cropped-Golden-Classic-Logo-3-2.png","contentUrl":"https:\/\/auksoklasika.lt\/wp-content\/uploads\/2019\/02\/cropped-cropped-cropped-Golden-Classic-Logo-3-2.png","width":512,"height":512,"caption":"Aukso Klasika"},"image":{"@id":"https:\/\/auksoklasika.lt\/#\/schema\/logo\/image\/"},"sameAs":["https:\/\/www.facebook.com\/auksoklasika\/"]}]}},"jetpack_sharing_enabled":true,"_links":{"self":[{"href":"https:\/\/auksoklasika.lt\/en\/wp-json\/wp\/v2\/product\/13164","targetHints":{"allow":["GET"]}}],"collection":[{"href":"https:\/\/auksoklasika.lt\/en\/wp-json\/wp\/v2\/product"}],"about":[{"href":"https:\/\/auksoklasika.lt\/en\/wp-json\/wp\/v2\/types\/product"}],"wp:featuredmedia":[{"embeddable":true,"href":"https:\/\/auksoklasika.lt\/en\/wp-json\/wp\/v2\/media\/13165"}],"wp:attachment":[{"href":"https:\/\/auksoklasika.lt\/en\/wp-json\/wp\/v2\/media?parent=13164"}],"wp:term":[{"taxonomy":"product_brand","embeddable":true,"href":"https:\/\/auksoklasika.lt\/en\/wp-json\/wp\/v2\/product_brand?post=13164"},{"taxonomy":"product_cat","embeddable":true,"href":"https:\/\/auksoklasika.lt\/en\/wp-json\/wp\/v2\/product_cat?post=13164"},{"taxonomy":"product_tag","embeddable":true,"href":"https:\/\/auksoklasika.lt\/en\/wp-json\/wp\/v2\/product_tag?post=13164"}],"curies":[{"name":"wp","href":"https:\/\/api.w.org\/{rel}","templated":true}]}}