{"id":113103,"date":"2026-04-08T00:41:15","date_gmt":"2026-04-07T21:41:15","guid":{"rendered":"https:\/\/auksoklasika.lt\/?page_id=113103"},"modified":"2026-04-08T00:45:00","modified_gmt":"2026-04-07T21:45:00","slug":"contacts","status":"publish","type":"page","link":"https:\/\/auksoklasika.lt\/en\/contacts\/","title":{"rendered":"Contacts"},"content":{"rendered":"\t\t<div data-elementor-type=\"wp-page\" data-elementor-id=\"113103\" class=\"elementor elementor-113103\" data-elementor-post-type=\"page\">\n\t\t\t\t<div class=\"elementor-element elementor-element-e6633aa e-con-full e-flex e-con e-parent\" data-id=\"e6633aa\" data-element_type=\"container\" data-e-type=\"container\">\n\t\t\t\t<div class=\"elementor-element elementor-element-a0540ba elementor-widget elementor-widget-shortcode\" data-id=\"a0540ba\" data-element_type=\"widget\" data-e-type=\"widget\" data-widget_type=\"shortcode.default\">\n\t\t\t\t<div class=\"elementor-widget-container\">\n\t\t\t\t\t\t\t<div class=\"elementor-shortcode\">\n<section class=\"mc-cp\" id=\"kontaktai\">\n\n  <div class=\"mc-cp__hero\">\n    <div class=\"mc-cp__hero-inner\">\n      <p class=\"mc-cp__eyebrow\">Contacts<\/p>\n      <h1 class=\"mc-cp__hero-title\">Get in Touch<\/h1>\n      <p class=\"mc-cp__hero-sub\">Our team is ready to answer all your questions. Write to us, call, or visit one of our salons.<\/p>\n    <\/div>\n  <\/div>\n\n  <div class=\"mc-cp__section mc-cp__bottom-section\">\n    <div class=\"mc-cp__wrap mc-cp__bottom-grid\">\n\n      <div class=\"mc-cp__info\">\n        <h2 class=\"mc-cp__section-title\">Contacts<\/h2>\n        <div class=\"mc-cp__info-item\">\n          <div class=\"mc-cp__info-icon-wrap\"><svg viewBox=\"0 0 24 24\" fill=\"none\" stroke=\"currentColor\" stroke-width=\"1.5\" stroke-linecap=\"round\" stroke-linejoin=\"round\"><path d=\"M22 16.92v3a2 2 0 0 1-2.18 2A19.72 19.72 0 0 1 3.08 4.18 2 2 0 0 1 5.09 2h3a2 2 0 0 1 2 1.72 12.84 12.84 0 0 0 .7 2.81 2 2 0 0 1-.45 2.11L9.91 9.91a16 16 0 0 0 6.18 6.18l1.27-1.27a2 2 0 0 1 2.11-.45 12.84 12.84 0 0 0 2.81.7A2 2 0 0 1 22 16.92z\"\/><\/svg><\/div>\n          <div>\n            <div class=\"mc-cp__info-label\">Phone<\/div>\n            <a class=\"mc-cp__info-val\" href=\"tel:+37060418773\">+370 604 18773<\/a>\n          <\/div>\n        <\/div>\n        <div class=\"mc-cp__info-item\">\n          <div class=\"mc-cp__info-icon-wrap\"><svg viewBox=\"0 0 24 24\" fill=\"none\" stroke=\"currentColor\" stroke-width=\"1.5\" stroke-linecap=\"round\" stroke-linejoin=\"round\"><rect x=\"2\" y=\"4\" width=\"20\" height=\"16\" rx=\"2\"\/><path d=\"m2 7 10 7 10-7\"\/><\/svg><\/div>\n          <div>\n            <div class=\"mc-cp__info-label\">Email<\/div>\n            <a class=\"mc-cp__info-val\" href=\"mailto:info@auksoklasika.lt\">info@auksoklasika.lt<\/a>\n          <\/div>\n        <\/div>\n        <div class=\"mc-cp__info-divider\"><\/div>\n        <p class=\"mc-cp__info-note\">We respond within 1\u20132 business days. For urgent enquiries we recommend calling.<\/p>\n      <\/div>\n\n      <div class=\"mc-cp__form-wrap\">\n        <h2 class=\"mc-cp__section-title\">Write to Us<\/h2>\n        <form class=\"mc-cp__form\" id=\"mc-cp-form\" novalidate>\n          <div class=\"mc-cp__form-row mc-cp__form-row--2\">\n            <div class=\"mc-cp__field\">\n              <label class=\"mc-cp__label\" for=\"mc-name\">Name <span>*<\/span><\/label>\n              <input class=\"mc-cp__input\" type=\"text\" id=\"mc-name\" name=\"mc_name\" required autocomplete=\"given-name\">\n            <\/div>\n            <div class=\"mc-cp__field\">\n              <label class=\"mc-cp__label\" for=\"mc-email\">Email <span>*<\/span><\/label>\n              <input class=\"mc-cp__input\" type=\"email\" id=\"mc-email\" name=\"mc_email\" required autocomplete=\"email\">\n            <\/div>\n          <\/div>\n          <div class=\"mc-cp__field\">\n            <label class=\"mc-cp__label\" for=\"mc-phone\">Phone <span class=\"mc-cp__optional\">(optional)<\/span><\/label>\n            <input class=\"mc-cp__input\" type=\"tel\" id=\"mc-phone\" name=\"mc_phone\" autocomplete=\"tel\">\n          <\/div>\n          <div class=\"mc-cp__field\">\n            <label class=\"mc-cp__label\" for=\"mc-msg\">Message <span>*<\/span><\/label>\n            <textarea class=\"mc-cp__input mc-cp__textarea\" id=\"mc-msg\" name=\"mc_msg\" rows=\"5\" required><\/textarea>\n          <\/div>\n          <div class=\"mc-cp__form-footer\">\n            <button class=\"mc-cp__submit\" type=\"submit\">\n              <span class=\"mc-cp__submit-text\">Send Message<\/span>\n              <span class=\"mc-cp__submit-spinner\" aria-hidden=\"true\"><\/span>\n            <\/button>\n            <div class=\"mc-cp__form-msg\" id=\"mc-cp-msg\" role=\"alert\" aria-live=\"polite\">\n              <span class=\"mc-cp__msg-success\">Thank you! Your message has been sent. We will get back to you shortly.<\/span>\n              <span class=\"mc-cp__msg-error\">Error sending. Please try again or contact us directly.<\/span>\n            <\/div>\n          <\/div>\n        <\/form>\n      <\/div>\n\n    <\/div>\n  <\/div>\n\n  <div class=\"mc-cp__section mc-cp__stores-section\">\n    <div class=\"mc-cp__wrap\">\n      <h2 class=\"mc-cp__section-title\">Our Salons<\/h2>\n      <div class=\"mc-cp__stores-grid\">\n\n                <div class=\"mc-cp__store\">\n                    <div class=\"mc-cp__store-map\">\n            <iframe src=\"https:\/\/www.google.com\/maps\/embed?pb=!1m18!1m12!1m3!1d2792.4329150495414!2d21.1741471771775!3d55.66542369871755!2m3!1f0!2f0!3f0!3m2!1i1024!2i768!4f13.1!3m3!1m2!1s0x46e4dcf8eb007aa5%3A0x8d4dddfe263c7ecd!2sTaikos%20pr.%20139%2C%20Klaip%C4%97da%2C%2094284%20Klaip%C4%97dos%20m.%20sav.!5e1!3m2!1slt!2slt!4v1773135009855!5m2!1slt!2slt\" loading=\"lazy\" allowfullscreen referrerpolicy=\"no-referrer-when-downgrade\" title=\"PC Molas \u017eem\u0117lapis\"><\/iframe>\n          <\/div>\n                    <div class=\"mc-cp__store-body\">\n            <div class=\"mc-cp__store-num\">01<\/div>\n            <h3 class=\"mc-cp__store-name\">PC Molas<\/h3>\n            <div class=\"mc-cp__store-row\">\n              <span class=\"mc-cp__store-icon\"><svg viewBox=\"0 0 24 24\" fill=\"none\" stroke=\"currentColor\" stroke-width=\"1.5\" stroke-linecap=\"round\" stroke-linejoin=\"round\"><path d=\"M12 21S5 13.5 5 9a7 7 0 0 1 14 0c0 4.5-7 12-7 12z\"\/><circle cx=\"12\" cy=\"9\" r=\"2.5\"\/><\/svg><\/span>\n              <span>Taikos pr. 139, Klaip\u0117da<\/span>\n            <\/div>\n            <div class=\"mc-cp__store-row\">\n              <span class=\"mc-cp__store-icon\"><svg viewBox=\"0 0 24 24\" fill=\"none\" stroke=\"currentColor\" stroke-width=\"1.5\" stroke-linecap=\"round\" stroke-linejoin=\"round\"><circle cx=\"12\" cy=\"12\" r=\"9\"\/><path d=\"M12 7v5l3 3\"\/><\/svg><\/span>\n              <span>I\u2013V: 10:00\u201320:00<br><span class=\"mc-cp__store-we\">VI: 10:00\u201318:00, VII: 11:00\u201317:00<\/span><\/span>\n            <\/div>\n            <a class=\"mc-cp__store-link\" href=\"https:\/\/maps.google.com\/?q=Taikos+pr.+139,+Klaip\u0117da\" target=\"_blank\" rel=\"noopener\">\n              Open in maps <span class=\"mc-cp__store-link-icon\"><svg viewBox=\"0 0 24 24\" fill=\"none\" stroke=\"currentColor\" stroke-width=\"1.8\" stroke-linecap=\"round\" stroke-linejoin=\"round\"><path d=\"M18 13v6a2 2 0 0 1-2 2H5a2 2 0 0 1-2-2V8a2 2 0 0 1 2-2h6\"\/><polyline points=\"15 3 21 3 21 9\"\/><line x1=\"10\" y1=\"14\" x2=\"21\" y2=\"3\"\/><\/svg><\/span>\n            <\/a>\n          <\/div>\n        <\/div>\n                <div class=\"mc-cp__store\">\n                    <div class=\"mc-cp__store-map\">\n            <iframe src=\"https:\/\/www.google.com\/maps\/embed?pb=!1m18!1m12!1m3!1d2792.579401885367!2d21.175469077177485!3d55.663370698875454!2m3!1f0!2f0!3f0!3m2!1i1024!2i768!4f13.1!3m3!1m2!1s0x46e4dcfed31e3929%3A0x73448b9e4afd3ff2!2sTaikos%20pr.%20141%2C%20Klaip%C4%97da%2C%2094284%20Klaip%C4%97dos%20m.%20sav.!5e1!3m2!1slt!2slt!4v1773135119775!5m2!1slt!2slt\" loading=\"lazy\" allowfullscreen referrerpolicy=\"no-referrer-when-downgrade\" title=\"PC BIG 2 \u017eem\u0117lapis\"><\/iframe>\n          <\/div>\n                    <div class=\"mc-cp__store-body\">\n            <div class=\"mc-cp__store-num\">02<\/div>\n            <h3 class=\"mc-cp__store-name\">PC BIG 2<\/h3>\n            <div class=\"mc-cp__store-row\">\n              <span class=\"mc-cp__store-icon\"><svg viewBox=\"0 0 24 24\" fill=\"none\" stroke=\"currentColor\" stroke-width=\"1.5\" stroke-linecap=\"round\" stroke-linejoin=\"round\"><path d=\"M12 21S5 13.5 5 9a7 7 0 0 1 14 0c0 4.5-7 12-7 12z\"\/><circle cx=\"12\" cy=\"9\" r=\"2.5\"\/><\/svg><\/span>\n              <span>Taikos pr. 141, Klaip\u0117da<\/span>\n            <\/div>\n            <div class=\"mc-cp__store-row\">\n              <span class=\"mc-cp__store-icon\"><svg viewBox=\"0 0 24 24\" fill=\"none\" stroke=\"currentColor\" stroke-width=\"1.5\" stroke-linecap=\"round\" stroke-linejoin=\"round\"><circle cx=\"12\" cy=\"12\" r=\"9\"\/><path d=\"M12 7v5l3 3\"\/><\/svg><\/span>\n              <span>I-V: 10:00-20:00<br><span class=\"mc-cp__store-we\">VI-VII: 10:00-19:00<\/span><\/span>\n            <\/div>\n            <a class=\"mc-cp__store-link\" href=\"https:\/\/maps.google.com\/?q=Taikos+pr.+141,+Klaip\u0117da\" target=\"_blank\" rel=\"noopener\">\n              Open in maps <span class=\"mc-cp__store-link-icon\"><svg viewBox=\"0 0 24 24\" fill=\"none\" stroke=\"currentColor\" stroke-width=\"1.8\" stroke-linecap=\"round\" stroke-linejoin=\"round\"><path d=\"M18 13v6a2 2 0 0 1-2 2H5a2 2 0 0 1-2-2V8a2 2 0 0 1 2-2h6\"\/><polyline points=\"15 3 21 3 21 9\"\/><line x1=\"10\" y1=\"14\" x2=\"21\" y2=\"3\"\/><\/svg><\/span>\n            <\/a>\n          <\/div>\n        <\/div>\n                <div class=\"mc-cp__store\">\n                    <div class=\"mc-cp__store-map\">\n            <iframe src=\"https:\/\/www.google.com\/maps\/embed?pb=!1m18!1m12!1m3!1d2790.5354903980474!2d21.17997737717882!3d55.69201139667138!2m3!1f0!2f0!3f0!3m2!1i1024!2i768!4f13.1!3m3!1m2!1s0x46e4dc38d5aeb195%3A0xad62ad4957ca14d4!2zxaBpbHV0xJdzIHBsLiAzNSwgS2xhaXDEl2RhLCA5NDEwNSBLbGFpcMSXZG9zIG0uIHNhdi4!5e1!3m2!1slt!2slt!4v1773135144052!5m2!1slt!2slt\" loading=\"lazy\" allowfullscreen referrerpolicy=\"no-referrer-when-downgrade\" title=\"PC Banginis \u017eem\u0117lapis\"><\/iframe>\n          <\/div>\n                    <div class=\"mc-cp__store-body\">\n            <div class=\"mc-cp__store-num\">03<\/div>\n            <h3 class=\"mc-cp__store-name\">PC Banginis<\/h3>\n            <div class=\"mc-cp__store-row\">\n              <span class=\"mc-cp__store-icon\"><svg viewBox=\"0 0 24 24\" fill=\"none\" stroke=\"currentColor\" stroke-width=\"1.5\" stroke-linecap=\"round\" stroke-linejoin=\"round\"><path d=\"M12 21S5 13.5 5 9a7 7 0 0 1 14 0c0 4.5-7 12-7 12z\"\/><circle cx=\"12\" cy=\"9\" r=\"2.5\"\/><\/svg><\/span>\n              <span>\u0160ilut\u0117s pl. 35, Klaip\u0117da<\/span>\n            <\/div>\n            <div class=\"mc-cp__store-row\">\n              <span class=\"mc-cp__store-icon\"><svg viewBox=\"0 0 24 24\" fill=\"none\" stroke=\"currentColor\" stroke-width=\"1.5\" stroke-linecap=\"round\" stroke-linejoin=\"round\"><circle cx=\"12\" cy=\"12\" r=\"9\"\/><path d=\"M12 7v5l3 3\"\/><\/svg><\/span>\n              <span>I-V: 10:00-20:00<br><span class=\"mc-cp__store-we\">VI-VII: 10:00-19:00<\/span><\/span>\n            <\/div>\n            <a class=\"mc-cp__store-link\" href=\"https:\/\/maps.google.com\/?q=\u0160ilut\u0117s+pl.+35,+Klaip\u0117da\" target=\"_blank\" rel=\"noopener\">\n              Open in maps <span class=\"mc-cp__store-link-icon\"><svg viewBox=\"0 0 24 24\" fill=\"none\" stroke=\"currentColor\" stroke-width=\"1.8\" stroke-linecap=\"round\" stroke-linejoin=\"round\"><path d=\"M18 13v6a2 2 0 0 1-2 2H5a2 2 0 0 1-2-2V8a2 2 0 0 1 2-2h6\"\/><polyline points=\"15 3 21 3 21 9\"\/><line x1=\"10\" y1=\"14\" x2=\"21\" y2=\"3\"\/><\/svg><\/span>\n            <\/a>\n          <\/div>\n        <\/div>\n        \n      <\/div>\n    <\/div>\n  <\/div>\n\n<\/section>\n\n<\/div>\n\t\t\t\t\t\t<\/div>\n\t\t\t\t<\/div>\n\t\t\t\t<\/div>\n\t\t\t\t<\/div>\n\t\t","protected":false},"excerpt":{"rendered":"","protected":false},"author":1,"featured_media":0,"parent":0,"menu_order":0,"comment_status":"closed","ping_status":"closed","template":"","meta":{"content-type":"","site-sidebar-layout":"no-sidebar","site-content-layout":"page-builder","ast-site-content-layout":"full-width-container","site-content-style":"default","site-sidebar-style":"default","ast-global-header-display":"","ast-banner-title-visibility":"","ast-main-header-display":"","ast-hfb-above-header-display":"","ast-hfb-below-header-display":"","ast-hfb-mobile-header-display":"","site-post-title":"","ast-breadcrumbs-content":"","ast-featured-img":"disabled","footer-sml-layout":"","ast-disable-related-posts":"","theme-transparent-header-meta":"","adv-header-id-meta":"","stick-header-meta":"","header-above-stick-meta":"","header-main-stick-meta":"","header-below-stick-meta":"","astra-migrate-meta-layouts":"set","ast-page-background-enabled":"default","ast-page-background-meta":{"desktop":{"background-color":"var(--ast-global-color-4)","background-image":"","background-repeat":"repeat","background-position":"center center","background-size":"auto","background-attachment":"scroll","background-type":"","background-media":"","overlay-type":"","overlay-color":"","overlay-opacity":"","overlay-gradient":""},"tablet":{"background-color":"","background-image":"","background-repeat":"repeat","background-position":"center center","background-size":"auto","background-attachment":"scroll","background-type":"","background-media":"","overlay-type":"","overlay-color":"","overlay-opacity":"","overlay-gradient":""},"mobile":{"background-color":"","background-image":"","background-repeat":"repeat","background-position":"center center","background-size":"auto","background-attachment":"scroll","background-type":"","background-media":"","overlay-type":"","overlay-color":"","overlay-opacity":"","overlay-gradient":""}},"ast-content-background-meta":{"desktop":{"background-color":"var(--ast-global-color-5)","background-image":"","background-repeat":"repeat","background-position":"center center","background-size":"auto","background-attachment":"scroll","background-type":"","background-media":"","overlay-type":"","overlay-color":"","overlay-opacity":"","overlay-gradient":""},"tablet":{"background-color":"var(--ast-global-color-5)","background-image":"","background-repeat":"repeat","background-position":"center center","background-size":"auto","background-attachment":"scroll","background-type":"","background-media":"","overlay-type":"","overlay-color":"","overlay-opacity":"","overlay-gradient":""},"mobile":{"background-color":"var(--ast-global-color-5)","background-image":"","background-repeat":"repeat","background-position":"center center","background-size":"auto","background-attachment":"scroll","background-type":"","background-media":"","overlay-type":"","overlay-color":"","overlay-opacity":"","overlay-gradient":""}},"footnotes":""},"class_list":["post-113103","page","type-page","status-publish","hentry"],"yoast_head":"<!-- This site is optimized with the Yoast SEO plugin v27.3 - https:\/\/yoast.com\/product\/yoast-seo-wordpress\/ -->\n<title>Contacts -<\/title>\n<meta name=\"robots\" content=\"index, follow, max-snippet:-1, max-image-preview:large, max-video-preview:-1\" \/>\n<link rel=\"canonical\" href=\"https:\/\/auksoklasika.lt\/en\/contacts\/\" \/>\n<meta property=\"og:locale\" content=\"en_US\" \/>\n<meta property=\"og:type\" content=\"article\" \/>\n<meta property=\"og:title\" content=\"Contacts -\" \/>\n<meta property=\"og:url\" content=\"https:\/\/auksoklasika.lt\/en\/contacts\/\" \/>\n<meta property=\"article:publisher\" content=\"https:\/\/www.facebook.com\/auksoklasika\/\" \/>\n<meta property=\"article:modified_time\" content=\"2026-04-07T21:45:00+00:00\" \/>\n<meta property=\"og:image\" content=\"https:\/\/auksoklasika.lt\/wp-content\/uploads\/2019\/02\/cropped-cropped-cropped-Golden-Classic-Logo-3-2.png\" \/>\n\t<meta property=\"og:image:width\" content=\"512\" \/>\n\t<meta property=\"og:image:height\" content=\"512\" \/>\n\t<meta property=\"og:image:type\" content=\"image\/png\" \/>\n<meta name=\"twitter:card\" content=\"summary_large_image\" \/>\n<meta name=\"twitter:label1\" content=\"Est. reading time\" \/>\n\t<meta name=\"twitter:data1\" content=\"1 minute\" \/>\n<script type=\"application\/ld+json\" class=\"yoast-schema-graph\">{\"@context\":\"https:\\\/\\\/schema.org\",\"@graph\":[{\"@type\":\"WebPage\",\"@id\":\"https:\\\/\\\/auksoklasika.lt\\\/en\\\/contacts\\\/\",\"url\":\"https:\\\/\\\/auksoklasika.lt\\\/en\\\/contacts\\\/\",\"name\":\"Contacts -\",\"isPartOf\":{\"@id\":\"https:\\\/\\\/auksoklasika.lt\\\/#website\"},\"datePublished\":\"2026-04-07T21:41:15+00:00\",\"dateModified\":\"2026-04-07T21:45:00+00:00\",\"breadcrumb\":{\"@id\":\"https:\\\/\\\/auksoklasika.lt\\\/en\\\/contacts\\\/#breadcrumb\"},\"inLanguage\":\"en-US\",\"potentialAction\":[{\"@type\":\"ReadAction\",\"target\":[\"https:\\\/\\\/auksoklasika.lt\\\/en\\\/contacts\\\/\"]}]},{\"@type\":\"BreadcrumbList\",\"@id\":\"https:\\\/\\\/auksoklasika.lt\\\/en\\\/contacts\\\/#breadcrumb\",\"itemListElement\":[{\"@type\":\"ListItem\",\"position\":1,\"name\":\"Home\",\"item\":\"https:\\\/\\\/auksoklasika.lt\\\/\"},{\"@type\":\"ListItem\",\"position\":2,\"name\":\"Contacts\"}]},{\"@type\":\"WebSite\",\"@id\":\"https:\\\/\\\/auksoklasika.lt\\\/#website\",\"url\":\"https:\\\/\\\/auksoklasika.lt\\\/\",\"name\":\"Aukso Klasika\",\"description\":\"GOLDEN CLASSIC BOUTIQUE\",\"publisher\":{\"@id\":\"https:\\\/\\\/auksoklasika.lt\\\/#organization\"},\"potentialAction\":[{\"@type\":\"SearchAction\",\"target\":{\"@type\":\"EntryPoint\",\"urlTemplate\":\"https:\\\/\\\/auksoklasika.lt\\\/?s={search_term_string}\"},\"query-input\":{\"@type\":\"PropertyValueSpecification\",\"valueRequired\":true,\"valueName\":\"search_term_string\"}}],\"inLanguage\":\"en-US\"},{\"@type\":\"Organization\",\"@id\":\"https:\\\/\\\/auksoklasika.lt\\\/#organization\",\"name\":\"Aukso Klasika\",\"url\":\"https:\\\/\\\/auksoklasika.lt\\\/\",\"logo\":{\"@type\":\"ImageObject\",\"inLanguage\":\"en-US\",\"@id\":\"https:\\\/\\\/auksoklasika.lt\\\/#\\\/schema\\\/logo\\\/image\\\/\",\"url\":\"https:\\\/\\\/auksoklasika.lt\\\/wp-content\\\/uploads\\\/2019\\\/02\\\/cropped-cropped-cropped-Golden-Classic-Logo-3-2.png\",\"contentUrl\":\"https:\\\/\\\/auksoklasika.lt\\\/wp-content\\\/uploads\\\/2019\\\/02\\\/cropped-cropped-cropped-Golden-Classic-Logo-3-2.png\",\"width\":512,\"height\":512,\"caption\":\"Aukso Klasika\"},\"image\":{\"@id\":\"https:\\\/\\\/auksoklasika.lt\\\/#\\\/schema\\\/logo\\\/image\\\/\"},\"sameAs\":[\"https:\\\/\\\/www.facebook.com\\\/auksoklasika\\\/\"]}]}<\/script>\n<!-- \/ Yoast SEO plugin. -->","yoast_head_json":{"title":"Contacts -","robots":{"index":"index","follow":"follow","max-snippet":"max-snippet:-1","max-image-preview":"max-image-preview:large","max-video-preview":"max-video-preview:-1"},"canonical":"https:\/\/auksoklasika.lt\/en\/contacts\/","og_locale":"en_US","og_type":"article","og_title":"Contacts -","og_url":"https:\/\/auksoklasika.lt\/en\/contacts\/","article_publisher":"https:\/\/www.facebook.com\/auksoklasika\/","article_modified_time":"2026-04-07T21:45:00+00:00","og_image":[{"width":512,"height":512,"url":"https:\/\/auksoklasika.lt\/wp-content\/uploads\/2019\/02\/cropped-cropped-cropped-Golden-Classic-Logo-3-2.png","type":"image\/png"}],"twitter_card":"summary_large_image","twitter_misc":{"Est. reading time":"1 minute"},"schema":{"@context":"https:\/\/schema.org","@graph":[{"@type":"WebPage","@id":"https:\/\/auksoklasika.lt\/en\/contacts\/","url":"https:\/\/auksoklasika.lt\/en\/contacts\/","name":"Contacts -","isPartOf":{"@id":"https:\/\/auksoklasika.lt\/#website"},"datePublished":"2026-04-07T21:41:15+00:00","dateModified":"2026-04-07T21:45:00+00:00","breadcrumb":{"@id":"https:\/\/auksoklasika.lt\/en\/contacts\/#breadcrumb"},"inLanguage":"en-US","potentialAction":[{"@type":"ReadAction","target":["https:\/\/auksoklasika.lt\/en\/contacts\/"]}]},{"@type":"BreadcrumbList","@id":"https:\/\/auksoklasika.lt\/en\/contacts\/#breadcrumb","itemListElement":[{"@type":"ListItem","position":1,"name":"Home","item":"https:\/\/auksoklasika.lt\/"},{"@type":"ListItem","position":2,"name":"Contacts"}]},{"@type":"WebSite","@id":"https:\/\/auksoklasika.lt\/#website","url":"https:\/\/auksoklasika.lt\/","name":"Aukso Klasika","description":"GOLDEN CLASSIC BOUTIQUE","publisher":{"@id":"https:\/\/auksoklasika.lt\/#organization"},"potentialAction":[{"@type":"SearchAction","target":{"@type":"EntryPoint","urlTemplate":"https:\/\/auksoklasika.lt\/?s={search_term_string}"},"query-input":{"@type":"PropertyValueSpecification","valueRequired":true,"valueName":"search_term_string"}}],"inLanguage":"en-US"},{"@type":"Organization","@id":"https:\/\/auksoklasika.lt\/#organization","name":"Aukso Klasika","url":"https:\/\/auksoklasika.lt\/","logo":{"@type":"ImageObject","inLanguage":"en-US","@id":"https:\/\/auksoklasika.lt\/#\/schema\/logo\/image\/","url":"https:\/\/auksoklasika.lt\/wp-content\/uploads\/2019\/02\/cropped-cropped-cropped-Golden-Classic-Logo-3-2.png","contentUrl":"https:\/\/auksoklasika.lt\/wp-content\/uploads\/2019\/02\/cropped-cropped-cropped-Golden-Classic-Logo-3-2.png","width":512,"height":512,"caption":"Aukso Klasika"},"image":{"@id":"https:\/\/auksoklasika.lt\/#\/schema\/logo\/image\/"},"sameAs":["https:\/\/www.facebook.com\/auksoklasika\/"]}]}},"jetpack_sharing_enabled":true,"_links":{"self":[{"href":"https:\/\/auksoklasika.lt\/en\/wp-json\/wp\/v2\/pages\/113103","targetHints":{"allow":["GET"]}}],"collection":[{"href":"https:\/\/auksoklasika.lt\/en\/wp-json\/wp\/v2\/pages"}],"about":[{"href":"https:\/\/auksoklasika.lt\/en\/wp-json\/wp\/v2\/types\/page"}],"author":[{"embeddable":true,"href":"https:\/\/auksoklasika.lt\/en\/wp-json\/wp\/v2\/users\/1"}],"replies":[{"embeddable":true,"href":"https:\/\/auksoklasika.lt\/en\/wp-json\/wp\/v2\/comments?post=113103"}],"version-history":[{"count":5,"href":"https:\/\/auksoklasika.lt\/en\/wp-json\/wp\/v2\/pages\/113103\/revisions"}],"predecessor-version":[{"id":113108,"href":"https:\/\/auksoklasika.lt\/en\/wp-json\/wp\/v2\/pages\/113103\/revisions\/113108"}],"wp:attachment":[{"href":"https:\/\/auksoklasika.lt\/en\/wp-json\/wp\/v2\/media?parent=113103"}],"curies":[{"name":"wp","href":"https:\/\/api.w.org\/{rel}","templated":true}]}}